{"id":32,"date":"2018-02-02T20:36:07","date_gmt":"2018-02-02T20:36:07","guid":{"rendered":"http:\/\/jessica-fritz.com\/?page_id=32"},"modified":"2025-12-30T22:25:42","modified_gmt":"2025-12-30T22:25:42","slug":"presentations","status":"publish","type":"page","link":"https:\/\/jessica-fritz.com\/?page_id=32","title":{"rendered":"Symposia, Presentations, Outreach &#038; Posters"},"content":{"rendered":"\n<div class=\"is-layout-constrained wp-block-group\"><div class=\"wp-block-group__inner-container\">\n<p><strong> Symposia<br \/><\/strong><\/p>\n<ol>\n<li><em>Quality &amp; Quantity: Using mixed methods to aid measurement-supported psychotherapy.<\/em> Host:\u00a0<strong>Jessica Fritz.\u00a0<\/strong>Speakers:\u00a0<strong>Jessica Fritz,<\/strong> Melissa M. De Smet, Saskia Scholten, Femke L. Truijens. Discussant: Jan R. Boehnke (2025, 28<sup>th <\/sup>June), Society for Psychotherapy Research, Krakow, Poland.<\/li>\n<li><em>Was ist im Rahmen der Psychotherapie eine sinnvolle Messung der psychischen Gesundheit? Antworten aus verschiedenen Therapieschulen und Forschungsrichtungen.\u00a0<\/em>Host: <strong>Jessica Fritz.<\/strong> Speakers: Johannes Zimmermann, Niels Braus, Johannes Ehrenthal, <strong>Jessica Fritz,<\/strong> Stefan Schmidt, &amp; Carola Cropp (2025, 8<sup>th<\/sup> April), Deutscher Psychotherapie Kongress, Berlin, Germany.<\/li>\n<li><em>Time to feed back on feedback systems for psychotherapeutic routine care in Germany.<\/em> Host: <strong>Jessica Fritz.<\/strong> Speakers: Benjamin Aas, Cord Benecke, Eva-Lotta Brakemeier, Carola Cropp, Selin Demir, Steffen Eberhardt, Julia Glombiewski, Franziska G\u00fcnther, Miriam Hehlmann, Tim Kaiser, Ludwig K\u00fcster, Wolfgang Lutz, Julian Rubel, Lea Schemer, G\u00fcnter Schiepek, Stefan Schmidt, Saskia Scholten, Yannik Terhorst, Antonia Vehlen, &amp; Matthias Volz (2024, 2<sup>nd<\/sup> December), Evidenzbasierte Personalisierte Psychotherapieforschung (ePePsy), Deutsche Gesellschaft f\u00fcr Psychologie, online event.<\/li>\n<li><em style=\"color: initial;\">Measuring stress in real life.<\/em><span style=\"color: initial;\"> Co-hosts: Inez Myin-Germeys, Erno Hermans, Raffael Kalisch, &amp;<\/span><strong style=\"color: initial;\"> Jessica Fritz, <\/strong><span style=\"color: initial;\">Rayyan Tutunji, &amp; Anu Hiekkaranta (2022, 27<\/span><sup style=\"color: initial;\">th<\/sup><span style=\"color: initial;\">\u00a0September), Johannes Gutenberg-University Mainz, Mainz, Germany.<\/span><\/li>\n<li><em>So you want to do EMA? Developing a solid protocol for collecting experience sampling data. <\/em>Co-hosts: <strong>Jessica Fritz, <\/strong>Marilyn L. Piccirillo, Laura Bringmann, &amp; Lesley Norris. Speakers: Laura Bringmann, Olivia Kirtley, Julia Moeller, Michael C. Mullarkey, Andreas Neubauer, No\u00e9mi K. Schuurman, &amp; Evelien Snippe (2021, 16<sup>th<\/sup> November &amp; 2022, 11<sup>th<\/sup> January), online event. <a href=\"https:\/\/osf.io\/4a723\/\">link<\/a> <a href=\"https:\/\/osf.io\/a27wv\/\">recording<\/a><\/li>\n<li><em>Examining Resilience in Longitudinal Cohort Studies Using Multi-Modal Data Analysis. <\/em>Co-hosts: Raffael Kalisch, Anne-Laura van Harmelen, &amp;\u00a0<strong>Jessica Fritz<\/strong><em>\u00a0<\/em>(2016, 13<sup>th<\/sup> December), University of Cambridge, Cambridge, United Kingdom.<\/li>\n<\/ol>\n<p><strong>Presentations (*invited)<br \/><\/strong><\/p>\n<ol>\n<li><strong>Fritz, J.<\/strong>\u00a0(2025, 28<sup>th<\/sup>\u00a0June).\u00a0A Meta Analysis on the Content of Contemporary Mental Health Measurement: Symptoms and Beyond<em>.<\/em>\u00a0SPR Conference, Krakow, Poland.<\/li>\n<li><strong>Fritz, J.<\/strong>\u00a0(2025, 8<sup>th<\/sup>\u00a0April).\u00a0<em>Eine Meta Analyse zum Inhalt von Fragebogenmessungen zur psychischen Gesundheit.<\/em>\u00a0DPK Kongress, Berlin, Germany.<\/li>\n<li><span data-bind=\"text: apa\"><span data-bind=\"text: apa\"><strong>*Fritz, J.<\/strong> (2024, <\/span><\/span>08<sup>th<\/sup> August<span data-bind=\"text: apa\"><span data-bind=\"text: apa\">). <\/span><\/span><em>Idiographic Patient-Reported Outcome Measures (I-PROMs): Going beyond symptom change.<\/em> Person-Centered Treatment and Prevention Collaborative Speaker Series, online event.<\/li>\n<li><span data-bind=\"text: apa\"><strong>*Fritz, J.<\/strong> (2024, 10<\/span><sup>th<\/sup> July<span data-bind=\"text: apa\">). <\/span><em>Meaningful mental health measurement: Exploring patient centered measures that go beyond symptoms.<\/em>\u00a0Kolar Lab Seminar (10<sup>th<\/sup> July), online event.<\/li>\n<li><span data-bind=\"text: apa\"><strong>Fritz, J.<\/strong> (2024, 28<\/span><sup>th<\/sup> June<span data-bind=\"text: apa\">). <\/span><em>Idiographic Patient Reported Outcome Measures (I PROMs): Going beyond symptom change.<\/em> SPR Conference, Ottawa, Canada (online presentation).<\/li>\n<li><span data-bind=\"text: apa\"><strong>Fritz, J.<\/strong> (2024, 12<\/span><sup>th<\/sup> June<span data-bind=\"text: apa\">). <\/span><em>Idiographische Patient Reported Outcome Measures (I PROMs): Ein innovativer Ansatz f\u00fcr die datengest\u00fctzte und personenzentrierte Psychotherapie?<\/em> DPK Kongress, Berlin, Germany.<\/li>\n<li><strong>*Fritz, J.<\/strong> &amp; Hiekkaranta, A. (2022, 27<sup>th<\/sup><span data-bind=\"text: apa\"> September).\u00a0<em>Studying risk and protective factors with experience sampling methods.\u00a0<\/em><\/span><span data-bind=\"text: apa\">Presented at the &#8222;<\/span>Measuring stress in real life&#8220; workshop, at the\u00a08th International Symposium on Resilience Research, Mainz, Germany.<\/li>\n<li><span data-bind=\"text: apa\"><strong>Fritz, J.<\/strong> (2021, 24<\/span><sup>th<\/sup><span data-bind=\"text: apa\"> September). <em>Mental Health Ecosystem: <\/em><i>Exploring the dynamic landscape of psychosocial factors and mental health during the Covid-19 pandemic<\/i>.\u00a0Presented at the <\/span>Conference on Transdiagnostic Approaches <span data-bind=\"text: apa\"><span id=\"nodeDescriptionEditable\" class=\"node-description overflow\" data-type=\"textarea\">(online). <\/span><\/span><\/li>\n<li><strong>*<\/strong><span data-bind=\"text: apa\"><strong>Fritz, J.<\/strong> (2021, 28<\/span><sup>th<\/sup><span data-bind=\"text: apa\"> April). Welche psychosozialen Faktoren f\u00f6rdern die psychische Gesundheit? Eine Exkursion zum Thema Resilienzfaktoren.\u00a0Presented at the <\/span>\u201c<span data-bind=\"text: apa\"><span id=\"nodeDescriptionEditable\" class=\"node-description overflow\" data-type=\"textarea\">Mainzer Resilienz Gespr\u00e4che\u201d Public Lectureseries (online event). <a href=\"https:\/\/osf.io\/jxkft\/\">slides<\/a><\/span><\/span><\/li>\n<li><strong>*Fritz, J.<\/strong> (2021, 25<sup>th<\/sup> March). <em><span class=\"css-901oao css-16my406 r-poiln3 r-bcqeeo r-qvutc0\">Reconsidering Resilience: On the Perks and Pitfalls of Promoting Mental Health Resilience<\/span>.<\/em> Presented at the Resilient Minds Journal Club (online meeting).<\/li>\n<li><strong>*Fritz, J.<\/strong> (2020, 20<sup>th<\/sup> February). <em>In Search For Resilience Factors.<\/em> Presented at the <span id=\"nodeDescriptionEditable\" class=\"node-description overflow\" data-type=\"textarea\">ChARM Seminar<\/span>, Cambridge, UK. <a href=\"https:\/\/osf.io\/qug3j\/\">slides<\/a><\/li>\n<li><strong>*Fritz, J.<\/strong> (2019, 17<sup>th<\/sup> December). <em>A Network Approach to Mental Health Resilience: Theory, Practice and Applications.<\/em> Presented at the <span id=\"nodeDescriptionEditable\" class=\"node-description overflow\" data-type=\"textarea\">Oxford OCEAN Lab Seminar<\/span>, Oxford, UK. <a href=\"https:\/\/osf.io\/etnj5\/\">slides<\/a><\/li>\n<li><strong>Fritz, J.<\/strong> (2019, 18<sup>th<\/sup> July). <em>Unravelling the Complex Nature of Resilience Factors (RFs) Following Childhood Adversity: An Investigation of RF Mean Levels and RF Interrelations during Adolescence.<\/em>\u00a0Presented at the 9th World Congress of Behavioural and Cognitive Therapies, Berlin, Germany.<\/li>\n<li><strong>*Fritz, J.<\/strong> (2019, 07<sup>th<\/sup> February). <em>Unravelling the Complex Nature of Resilience Factors (RFs) Following Childhood Adversity: An Investigation of RF Mean Levels and RF Interrelations during Adolescence.<\/em>\u00a0Presented at the <span class=\"Apple-style-span\"><span class=\"\">Johannes Gutenberg University Medical Center, Mainz<\/span><\/span>, Germany.<\/li>\n<li><strong>Fritz, J.<\/strong> (2018, 21<sup>st<\/sup> November). <em>Do Resilience Factors (RFs) Fluctuate from Early to Late Adolescence? An Investigation of RF Interrelations and RF Mean Levels.<\/em> Presented at the Cambridge Psychiatry Symposium: Showcasing Graduate Research, Trinity College, University of Cambridge, Cambridge, UK.<\/li>\n<li><strong>Fritz, J.<\/strong> (2018, 09<sup>th<\/sup> March). <em>A Network Model of Resilience Factors for Adolescents With and Without Exposure to Childhood Adversity<\/em>. Presented at the Neuroscience in Psychiatry Network (NSPN) Scientific Meeting, Douglas House, Department of Psychiatry, University of Cambridge, Cambridge, UK.<\/li>\n<li><strong>*Fritz, J.<\/strong> (2017, 14<sup>th<\/sup> December). <em>Using Network Models to Reveal Behavioural Resilience Structures<\/em>. Presented at the Cambridge Resilience Symposium, Douglas House, Department of Psychiatry, University of Cambridge, Cambridge, UK.<\/li>\n<li><strong>Fritz, J.<\/strong> (2017, 26<sup>th<\/sup> October). <em>Unravelling the Complexity of Resilience: A Network Model of Putative Resilience Factors for Adolescents With and Without Childhood Adversity<\/em> (longer version). Presented at the Cambridge Psychiatry Symposium: Showcasing Graduate Research, Trinity College, University of Cambridge, Cambridge, UK.<\/li>\n<li><strong>Fritz, J.<\/strong> (2017, 28<sup>th<\/sup> September). <em>Unravelling the Complexity of Resilience: A Network Model of Putative Resilience Factors for Adolescents With and Without Childhood Adversity <\/em>(shorter version). Presented at the 3rd International Symposium on Resilience Research, Mainz, Germany.<\/li>\n<li><strong>Fritz, J.<\/strong> (2017, 02<sup>nd<\/sup> August). <em>Mental Health Resilience to Exam Distress.<\/em> Presented at the Medical Education Research Group Meeting, Primary Care Unit, University of Cambridge, Cambridge, UK.<\/li>\n<li><strong>Fritz, J.<\/strong> (2017, 09<sup>th<\/sup> March). <em>Unravelling the Complex Concept of Resilience<\/em>. Presented at the Neuroscience in Psychiatry Network (NSPN) Scientific Meeting, Chicheley Hall, Milton Keynes, UK.<\/li>\n<\/ol>\n<p><strong>Media \/ Outreach<br \/><\/strong><\/p>\n<ol>\n<li>Under the Cortex Podcast (Association for Psychological Sciences, 2025, May): &#8222;Real-Time Research: How the Experience Sampling Method Is Changing Psychology&#8220;.\u00a0<a href=\"https:\/\/www.psychologicalscience.org\/uncategorized\/utc-2025-may-real-time-research.html\">link<\/a><\/li>\n<li>Podcast on Student Mental Health (2021, May): \u201cMatter on Your Mind\u201d. S. 7 Ep. 2 <a href=\"https:\/\/www.varsity.co.uk\/video-and-podcasts\/21523\">link<\/a><\/li>\n<li>Interview with the Cambridge Children\u2019s Hospital (2019, December): \u201cHow do people overcome childhood trauma and adversity?\u201d. <a href=\"https:\/\/www.cambridgechildrens.org.uk\/research-focus-how-do-people-overcome-childhood-trauma-and-adversity\/\">link<\/a><\/li>\n<\/ol>\n<p><strong>Posters<\/strong><\/p>\n<ol>\n<li><strong>Fritz, J.<\/strong>, Stochl, J., Fried, E. I., Goodyer, I. M., van Borkulo, C. B., Wilkinson, P. O., van Harmelen, A.-L. (2019, 09th March). <em>Resilience Factor Changes between Early and Late Adolescence<\/em>. Poster presented at the International Convention for Psychological Sciences, Paris, France.<\/li>\n<li><strong>Fritz, J.<\/strong>, Fried, E. I., Goodyer, I. M., Wilkinson, P. O., van Harmelen, A.-L. (2017, September). <em>Unravelling the Complexity of Resilience: A Network Model of Putative Resilience Factors for Adolescents With and Without Childhood Adversity<\/em>. Poster presented at the 6<sup>th<\/sup> Cambridge Neuroscience Biennial Symposium: Neural Networks in Health and Disease, University of Cambridge, Cambridge, UK (2017, 07<sup>th<\/sup> September); and at the 3rd International Symposium on Resilience Research, Mainz, Germany (2017, 28<sup>th<\/sup> September).<\/li>\n<li><strong>Fritz, J.<\/strong>, Stretton, J., Walsh, N., Schweitzer, S., Dalgleish, T., Elzinga, B. E., &#8230; van Harmelen, A.-L. (2016, July). <em>The Neural Basis of Social Support Following Exposure to Childhood Adversities<\/em>. Poster presented at the Science Symposium of the Faculty of Social and Behavioural Sciences, Leiden University, The Netherlands.<\/li>\n<li>Resing, W. C. M., Stad, F. E., &amp; <strong>Fritz, J.<\/strong> (2014, July). <em>Dynamic Testing, Static Testing and Cognitive Flexibility in Relation to School Achievement of 7- to 9-Year-Old Children<\/em>. Poster presented at the Science Symposium of the Faculty of Social and Behavioural Sciences, Leiden University, The Netherlands.<\/li>\n<\/ol>\n<\/div><\/div>\n","protected":false},"excerpt":{"rendered":"<p>Symposia Quality &amp; Quantity: Using mixed methods to aid measurement-supported psychotherapy. Host:\u00a0Jessica Fritz.\u00a0Speakers:\u00a0Jessica Fritz, Melissa M. De Smet, Saskia Scholten, Femke L. Truijens. Discussant: Jan R. Boehnke (2025, 28th June), Society for Psychotherapy Research, Krakow, Poland. Was ist im Rahmen der Psychotherapie eine sinnvolle Messung der psychischen Gesundheit? Antworten aus verschiedenen Therapieschulen und Forschungsrichtungen.\u00a0Host: Jessica &hellip; <a href=\"https:\/\/jessica-fritz.com\/?page_id=32\" class=\"more-link\"><span class=\"screen-reader-text\">Symposia, Presentations, Outreach &#038; Posters<\/span> weiterlesen<\/a><\/p>\n","protected":false},"author":1,"featured_media":0,"parent":0,"menu_order":5,"comment_status":"closed","ping_status":"closed","template":"","meta":[],"_links":{"self":[{"href":"https:\/\/jessica-fritz.com\/index.php?rest_route=\/wp\/v2\/pages\/32"}],"collection":[{"href":"https:\/\/jessica-fritz.com\/index.php?rest_route=\/wp\/v2\/pages"}],"about":[{"href":"https:\/\/jessica-fritz.com\/index.php?rest_route=\/wp\/v2\/types\/page"}],"author":[{"embeddable":true,"href":"https:\/\/jessica-fritz.com\/index.php?rest_route=\/wp\/v2\/users\/1"}],"replies":[{"embeddable":true,"href":"https:\/\/jessica-fritz.com\/index.php?rest_route=%2Fwp%2Fv2%2Fcomments&post=32"}],"version-history":[{"count":55,"href":"https:\/\/jessica-fritz.com\/index.php?rest_route=\/wp\/v2\/pages\/32\/revisions"}],"predecessor-version":[{"id":981,"href":"https:\/\/jessica-fritz.com\/index.php?rest_route=\/wp\/v2\/pages\/32\/revisions\/981"}],"wp:attachment":[{"href":"https:\/\/jessica-fritz.com\/index.php?rest_route=%2Fwp%2Fv2%2Fmedia&parent=32"}],"curies":[{"name":"wp","href":"https:\/\/api.w.org\/{rel}","templated":true}]}}